{"id":201,"date":"2018-03-11T18:31:56","date_gmt":"2018-03-11T17:31:56","guid":{"rendered":"http:\/\/www.letnjikampsusanj.com\/?page_id=201"},"modified":"2026-01-19T13:46:44","modified_gmt":"2026-01-19T12:46:44","slug":"pocetna","status":"publish","type":"page","link":"https:\/\/letnjikampsusanj.com\/","title":{"rendered":"Po\u010detna"},"content":{"rendered":"<p><em><strong>\u0160U\u0160ANJ<\/strong> &#8211; mesto locirano na obali Jadrana izme\u0111u Sutomora i Bara, progla\u0161avano je za naj\u010distije na crnogorskom primorju. Mediterandska klima, morski vazduh i borova \u0161uma pogodni su u preventivnom le\u010denju reumatskih i bolesti disajnih organa. Gradska pla\u017ea \u0160u\u0161nja spojena sa Barskom pla\u017eom duga je 2 km, sa mno\u0161tvom kafi\u0107a i drugih objekata za zabavu. Svojim najve\u0107im delom oivi\u010dena je borovom \u0161umom \u0161to je retkost na ovom delu Jadrana i daje posebnu dra\u017e\u00a0 letovanju<\/em>.<\/p>\n<p><img decoding=\"async\" loading=\"lazy\" class=\"wp-image-485 alignnone\" src=\"https:\/\/www.letnjikampsusanj.com\/wp-content\/uploads\/2024\/12\/susanj-2-800x260.jpg\" alt=\"\" width=\"680\" height=\"221\" srcset=\"https:\/\/letnjikampsusanj.com\/wp-content\/uploads\/2024\/12\/susanj-2-800x260.jpg 800w, https:\/\/letnjikampsusanj.com\/wp-content\/uploads\/2024\/12\/susanj-2-800x260-300x98.jpg 300w, https:\/\/letnjikampsusanj.com\/wp-content\/uploads\/2024\/12\/susanj-2-800x260-768x250.jpg 768w\" sizes=\"(max-width: 680px) 100vw, 680px\" \/><\/p>\n<p><strong><br \/>\nSME\u0160TAJ:<\/strong><br \/>\nBoravak se organizuje u privatnom sme\u0161taju. Na raspolaganju je vi\u0161e ku\u0107a koje su udaljene od pla\u017ee oko 350 metara, na mirnom mestu gde nema saobra\u0107aja. Sme\u0161taj je u 1\/2, 1\/3, 1\/4, 1\/5 sobama I kategorije sa sopstvenim kupatilom i klimom. Na raspolaganju su i komforni LUX apartmani uz doplatu.<br \/>\nU okviru sme\u0161taja, nema pe\u0161kira za li\u010dnu upotrebu. Na raspolaganju je zajedni\u010dka trpezatija gde se slu\u017ee obroci na bazi polupansiona (\u0161vedski sto). Hrana je prava doma\u0107a \u2013 uvek sve\u017ea i kvalitetna. Profesionalno, nasmejano i ljubazno osoblje prisutno je u svakom trenutku.<\/p>\n<p><strong>\u00a0<\/strong><\/p>\n<p><strong>\u00a0<\/strong><\/p>\n<table>\n<tbody>\n<tr>\n<td colspan=\"3\" width=\"638\">\n<h3 style=\"text-align: center;\"><strong>LETNJI KAMP \u0160U\u0160ANJ &#8211; CENOVNIK LETO 2026.<\/strong><\/h3>\n<\/td>\n<\/tr>\n<tr>\n<td width=\"213\">\n<p style=\"text-align: center;\"><strong>I smena:<\/strong><\/p>\n<\/td>\n<td width=\"213\">\n<p style=\"text-align: center;\"><strong>21.06. &#8211; 30.06.2026.<\/strong><\/p>\n<\/td>\n<td width=\"213\">\n<p style=\"text-align: center;\"><strong>260eur<\/strong><\/p>\n<\/td>\n<\/tr>\n<tr>\n<td width=\"213\">\n<p style=\"text-align: center;\"><strong>II smena:<\/strong><\/p>\n<\/td>\n<td width=\"213\">\n<p style=\"text-align: center;\"><strong>01.07. &#8211; 10.07.2026.<\/strong><\/p>\n<\/td>\n<td width=\"213\">\n<p style=\"text-align: center;\"><strong>280 eur<\/strong><\/p>\n<\/td>\n<\/tr>\n<tr>\n<td width=\"213\">\n<p style=\"text-align: center;\"><strong>III smena:<\/strong><\/p>\n<\/td>\n<td width=\"213\">\n<p style=\"text-align: center;\"><strong>11.07. &#8211; 20.07.2026.<\/strong><\/p>\n<\/td>\n<td width=\"213\">\n<p style=\"text-align: center;\"><strong>310 eur<\/strong><\/p>\n<\/td>\n<\/tr>\n<tr>\n<td width=\"213\">\n<p style=\"text-align: center;\"><strong>IV smena:<\/strong><\/p>\n<\/td>\n<td width=\"213\">\n<p style=\"text-align: center;\"><strong>21.07. &#8211; 30.07.2026.<\/strong><\/p>\n<\/td>\n<td width=\"213\">\n<p style=\"text-align: center;\"><strong>310 eur<\/strong><\/p>\n<\/td>\n<\/tr>\n<tr>\n<td width=\"213\">\n<p style=\"text-align: center;\"><strong>V smena:<\/strong><\/p>\n<\/td>\n<td width=\"213\">\n<p style=\"text-align: center;\"><strong>31.07. &#8211; 09.08.2026.<\/strong><\/p>\n<\/td>\n<td width=\"213\">\n<p style=\"text-align: center;\"><strong>310 eur<\/strong><\/p>\n<\/td>\n<\/tr>\n<tr>\n<td width=\"213\">\n<p style=\"text-align: center;\"><strong>VI smena:<\/strong><\/p>\n<\/td>\n<td width=\"213\">\n<p style=\"text-align: center;\"><strong>10.08. &#8211; 19.08.2026.<\/strong><\/p>\n<\/td>\n<td width=\"213\">\n<p style=\"text-align: center;\"><strong>310 eur<\/strong><\/p>\n<\/td>\n<\/tr>\n<tr>\n<td width=\"213\">\n<p style=\"text-align: center;\"><strong>VII smena:<\/strong><\/p>\n<\/td>\n<td width=\"213\">\n<p style=\"text-align: center;\"><strong>20.08. &#8211; 29.08.2026.<\/strong><\/p>\n<\/td>\n<td width=\"213\">\n<p style=\"text-align: center;\"><strong>280 eur<\/strong><\/p>\n<\/td>\n<\/tr>\n<tr>\n<td width=\"213\">\n<p style=\"text-align: center;\"><strong>VIII smena:<\/strong><\/p>\n<\/td>\n<td width=\"213\">\n<p style=\"text-align: center;\"><strong>30.08. &#8211; 08.09.2026<\/strong><\/p>\n<\/td>\n<td width=\"213\">\n<p style=\"text-align: center;\"><strong>260 eur<\/strong><\/p>\n<\/td>\n<\/tr>\n<tr>\n<td colspan=\"3\" width=\"638\">\n<p style=\"text-align: center;\">Cene izra\u017eene u EUR po osobi, po smeni, za 9 no\u0107enja sa uslugom polupansion.<\/p>\n<\/td>\n<\/tr>\n<\/tbody>\n<\/table>\n<p><strong><br \/>\n<\/strong><strong>ARA\u017dMAN OBUHVATA:<\/strong><\/p>\n<ul>\n<li>9 no\u0107enja, 10 polupansiona &#8211; doru\u010dak, ve\u010dera (\u0161vedski sto)<\/li>\n<li>gosti imaju doru\u010dak i ve\u010deru prvog i zadnjeg dana boraka, ako se u vreme obroka nalaze u kampu.<\/li>\n<\/ul>\n<p><strong><br \/>\nARA\u017dMAN NE OBUHVATA:<\/strong><\/p>\n<p>&#8211; Boravi\u0161nu taksu &#8211; obavezno pla\u0107anje na licu mesta:<\/p>\n<ul>\n<li>odrasli 1,2 evra po osobi po danu;<\/li>\n<li>deca od 4-11,99 godina 0,6 evra po osobi po danu;<\/li>\n<li>deca do 3,99 godina oslobo\u0111ena takse.<\/li>\n<\/ul>\n<p>&#8211; Putno osiguranje, prevoz, individualne tro\u0161kove.<\/p>\n<p><strong><br \/>\nDOPLATE:<\/strong><\/p>\n<ul>\n<li>doplata za 1\/1 sobu u prvoj (I) i poslednjoj (VIII) smeni &#8211; 50% na osnovnu cenu boravka;<\/li>\n<li>doplata za 1\/1 sobi u sezoni (II do VII smena) je 70% na osnovnu cenu boravka;<\/li>\n<li>doplata za LUX apartman &#8211; 30 eur po osobi po smeni.<\/li>\n<\/ul>\n<p><strong><br \/>\nPOPUSTI ZA DECU:<br \/>\n<\/strong><br \/>\n&#8211; Deca sa 2 odrasle osobe:<\/p>\n<ul>\n<li>deca do 3,99 god. &#8211; imaja besplatan boravak;<\/li>\n<li>jedno dete 4-6,99 god. &#8211; pla\u0107a 50% od cene, na zajedni\u010dkom le\u017eaju;<\/li>\n<li>deca 4-6,99 god: Prvo dete &#8211; gratis na zajedni\u010dkom le\u017eaju, ostala deca &#8211; pla\u0107aju 50% na sopstvenom le\u017eaju;<\/li>\n<li>dvoje dece: Prvo do 6,99 god. &#8211; gratis na zajedni\u010dkom le\u017eaju, Drugo dete do 11,99 god. &#8211; pla\u0107a 70% na sopstvenom le\u017eaju;<\/li>\n<li>deca 7-11,99 god. &#8211; pla\u0107aju 70% od cene na sopstvenom le\u017eaju;<\/li>\n<li>deca 12 i vi\u0161e godina, cenovno se smatraju odraslim &#8211; pla\u0107aju punu cenu boravka.<\/li>\n<\/ul>\n<p>&#8211; Deca sa jednim odraslom osobom:<\/p>\n<ul>\n<li>deca do 3,99 god. &#8211; imaja besplatan boravak, odrasli pla\u0107a cenu 1\/1 sobe;<\/li>\n<li>deca 4-11,99 god. &#8211; pla\u0107aju 70% od cene.<\/li>\n<li>deca 12 i vi\u0161e godina &#8211; pla\u0107aju punu cenu boravka.<\/li>\n<\/ul>\n<p>&nbsp;<\/p>\n<p><strong>ZA GRUPNE REZERVACIJE VA\u017dE POSEBNI USLOVI<\/strong> &#8211; KONTAKTIRAJTE NAS<\/p>\n<p>&nbsp;<\/p>\n<hr \/>\n<p><strong><br \/>\nInfo telefon:\u00a0 +381 63 374 702\u00a0 <\/strong>i\u00a0<strong> +382 68 444 883<\/strong><\/p>\n<div class=\"gs\">\n<div class=\"\">\n<div id=\":h5\" class=\"ii gt\">\n<div id=\":au\" class=\"a3s aiL \">\n<div class=\"gmail_quote\">\n<div dir=\"ltr\">\n<div><b>Adresa: Ante \u0110edovi\u0107a 39,\u00a0 \u0160u\u0161anj &#8211; Bar<\/b><\/div>\n<div><\/div>\n<\/div>\n<\/div>\n<\/div>\n<div style=\"text-align: center;\"><a href=\"https:\/\/www.letnjikampsusanj.com\/wp-content\/uploads\/2024\/02\/IMG-20230604-WA00021.jpg\"><img decoding=\"async\" loading=\"lazy\" class=\"wp-image-405 aligncenter\" src=\"https:\/\/www.letnjikampsusanj.com\/wp-content\/uploads\/2024\/02\/IMG-20230604-WA00021.jpg\" alt=\"\" width=\"215\" height=\"215\" srcset=\"https:\/\/letnjikampsusanj.com\/wp-content\/uploads\/2024\/02\/IMG-20230604-WA00021.jpg 1080w, https:\/\/letnjikampsusanj.com\/wp-content\/uploads\/2024\/02\/IMG-20230604-WA00021-150x150.jpg 150w, https:\/\/letnjikampsusanj.com\/wp-content\/uploads\/2024\/02\/IMG-20230604-WA00021-300x300.jpg 300w, https:\/\/letnjikampsusanj.com\/wp-content\/uploads\/2024\/02\/IMG-20230604-WA00021-768x768.jpg 768w, https:\/\/letnjikampsusanj.com\/wp-content\/uploads\/2024\/02\/IMG-20230604-WA00021-1024x1024.jpg 1024w\" sizes=\"(max-width: 215px) 100vw, 215px\" \/><\/a><\/div>\n<\/div>\n<\/div>\n<\/div>\n","protected":false},"excerpt":{"rendered":"<p>\u0160U\u0160ANJ &#8211; mesto locirano na obali Jadrana izme\u0111u Sutomora i Bara, progla\u0161avano je za naj\u010distije na crnogorskom primorju. Mediterandska klima, morski vazduh i borova \u0161uma pogodni su u preventivnom le\u010denju reumatskih i bolesti disajnih organa. Gradska pla\u017ea \u0160u\u0161nja spojena sa Barskom pla\u017eom duga je 2 km, sa mno\u0161tvom kafi\u0107a i drugih objekata za zabavu. Svojim [&hellip;]<\/p>\n","protected":false},"author":1,"featured_media":0,"parent":0,"menu_order":0,"comment_status":"closed","ping_status":"closed","template":"","meta":[],"_links":{"self":[{"href":"https:\/\/letnjikampsusanj.com\/index.php?rest_route=\/wp\/v2\/pages\/201"}],"collection":[{"href":"https:\/\/letnjikampsusanj.com\/index.php?rest_route=\/wp\/v2\/pages"}],"about":[{"href":"https:\/\/letnjikampsusanj.com\/index.php?rest_route=\/wp\/v2\/types\/page"}],"author":[{"embeddable":true,"href":"https:\/\/letnjikampsusanj.com\/index.php?rest_route=\/wp\/v2\/users\/1"}],"replies":[{"embeddable":true,"href":"https:\/\/letnjikampsusanj.com\/index.php?rest_route=%2Fwp%2Fv2%2Fcomments&post=201"}],"version-history":[{"count":51,"href":"https:\/\/letnjikampsusanj.com\/index.php?rest_route=\/wp\/v2\/pages\/201\/revisions"}],"predecessor-version":[{"id":505,"href":"https:\/\/letnjikampsusanj.com\/index.php?rest_route=\/wp\/v2\/pages\/201\/revisions\/505"}],"wp:attachment":[{"href":"https:\/\/letnjikampsusanj.com\/index.php?rest_route=%2Fwp%2Fv2%2Fmedia&parent=201"}],"curies":[{"name":"wp","href":"https:\/\/api.w.org\/{rel}","templated":true}]}}