{"id":167,"date":"2017-05-06T22:14:14","date_gmt":"2017-05-06T20:14:14","guid":{"rendered":"http:\/\/www.letnjikampsusanj.com\/?page_id=167"},"modified":"2024-12-27T01:32:03","modified_gmt":"2024-12-27T00:32:03","slug":"sobe-i","status":"publish","type":"page","link":"https:\/\/letnjikampsusanj.com\/?page_id=167","title":{"rendered":"Sme\u0161taj"},"content":{"rendered":"<p><strong>Vila METOHIJA &#8211; Kamp<\/strong><\/p>\n<p><a href=\"https:\/\/www.letnjikampsusanj.com\/wp-content\/uploads\/2024\/06\/metohija-1-500x500.jpg\"><img decoding=\"async\" loading=\"lazy\" class=\"alignnone size-full wp-image-455\" src=\"https:\/\/www.letnjikampsusanj.com\/wp-content\/uploads\/2024\/06\/metohija-1-500x500.jpg\" alt=\"\" width=\"500\" height=\"500\" srcset=\"https:\/\/letnjikampsusanj.com\/wp-content\/uploads\/2024\/06\/metohija-1-500x500.jpg 500w, https:\/\/letnjikampsusanj.com\/wp-content\/uploads\/2024\/06\/metohija-1-500x500-150x150.jpg 150w, https:\/\/letnjikampsusanj.com\/wp-content\/uploads\/2024\/06\/metohija-1-500x500-300x300.jpg 300w\" sizes=\"(max-width: 500px) 100vw, 500px\" \/><\/a><\/p>\n<p><strong><br \/>\nSme\u0161taj STIJOVI\u0106<\/strong><\/p>\n<p><a href=\"https:\/\/www.letnjikampsusanj.com\/wp-content\/uploads\/2024\/05\/stijovic-500.jpg\"><img decoding=\"async\" loading=\"lazy\" class=\"alignnone size-full wp-image-442\" src=\"https:\/\/www.letnjikampsusanj.com\/wp-content\/uploads\/2024\/05\/stijovic-500.jpg\" alt=\"\" width=\"500\" height=\"500\" srcset=\"https:\/\/letnjikampsusanj.com\/wp-content\/uploads\/2024\/05\/stijovic-500.jpg 500w, https:\/\/letnjikampsusanj.com\/wp-content\/uploads\/2024\/05\/stijovic-500-150x150.jpg 150w, https:\/\/letnjikampsusanj.com\/wp-content\/uploads\/2024\/05\/stijovic-500-300x300.jpg 300w\" sizes=\"(max-width: 500px) 100vw, 500px\" \/><\/a><\/p>\n<p><strong><br \/>\nSme\u0161taj BRDAR<\/strong><\/p>\n<p><strong><a href=\"https:\/\/www.letnjikampsusanj.com\/wp-content\/uploads\/2024\/05\/brdar-500.jpg\"><img decoding=\"async\" loading=\"lazy\" class=\"alignnone size-full wp-image-443\" src=\"https:\/\/www.letnjikampsusanj.com\/wp-content\/uploads\/2024\/05\/brdar-500.jpg\" alt=\"\" width=\"500\" height=\"500\" srcset=\"https:\/\/letnjikampsusanj.com\/wp-content\/uploads\/2024\/05\/brdar-500.jpg 500w, https:\/\/letnjikampsusanj.com\/wp-content\/uploads\/2024\/05\/brdar-500-150x150.jpg 150w, https:\/\/letnjikampsusanj.com\/wp-content\/uploads\/2024\/05\/brdar-500-300x300.jpg 300w\" sizes=\"(max-width: 500px) 100vw, 500px\" \/><\/a><\/strong><\/p>\n<p><strong>Sme\u0161taj \u0106AMIL<br \/>\n<\/strong><strong>\u00a0<\/strong><br \/>\n<a href=\"https:\/\/www.letnjikampsusanj.com\/wp-content\/uploads\/2024\/06\/camil-1-500x500.jpg\"><img decoding=\"async\" loading=\"lazy\" class=\"alignnone size-full wp-image-456\" src=\"https:\/\/www.letnjikampsusanj.com\/wp-content\/uploads\/2024\/06\/camil-1-500x500.jpg\" alt=\"\" width=\"500\" height=\"500\" srcset=\"https:\/\/letnjikampsusanj.com\/wp-content\/uploads\/2024\/06\/camil-1-500x500.jpg 500w, https:\/\/letnjikampsusanj.com\/wp-content\/uploads\/2024\/06\/camil-1-500x500-150x150.jpg 150w, https:\/\/letnjikampsusanj.com\/wp-content\/uploads\/2024\/06\/camil-1-500x500-300x300.jpg 300w\" sizes=\"(max-width: 500px) 100vw, 500px\" \/><\/a><\/p>\n<p>&nbsp;<\/p>\n<p><strong>Lux Sobe<\/strong><\/p>\n\n\t\t<style type=\"text\/css\">\n\t\t\t#gallery-1 {\n\t\t\t\tmargin: auto;\n\t\t\t}\n\t\t\t#gallery-1 .gallery-item {\n\t\t\t\tfloat: left;\n\t\t\t\tmargin-top: 10px;\n\t\t\t\ttext-align: center;\n\t\t\t\twidth: 33%;\n\t\t\t}\n\t\t\t#gallery-1 img {\n\t\t\t\tborder: 2px solid #cfcfcf;\n\t\t\t}\n\t\t\t#gallery-1 .gallery-caption {\n\t\t\t\tmargin-left: 0;\n\t\t\t}\n\t\t\t\/* see gallery_shortcode() in wp-includes\/media.php *\/\n\t\t<\/style>\n\t\t<div id='gallery-1' class='gallery galleryid-167 gallery-columns-3 gallery-size-thumbnail'><dl class='gallery-item'>\n\t\t\t<dt class='gallery-icon portrait'>\n\t\t\t\t<a href='https:\/\/letnjikampsusanj.com\/?attachment_id=419'><img width=\"150\" height=\"150\" src=\"https:\/\/letnjikampsusanj.com\/wp-content\/uploads\/2024\/02\/IMG-20240219-WA0020-150x150.jpg\" class=\"attachment-thumbnail size-thumbnail\" alt=\"\" decoding=\"async\" loading=\"lazy\" \/><\/a>\n\t\t\t<\/dt><\/dl><dl class='gallery-item'>\n\t\t\t<dt class='gallery-icon portrait'>\n\t\t\t\t<a href='https:\/\/letnjikampsusanj.com\/?attachment_id=420'><img width=\"150\" height=\"150\" src=\"https:\/\/letnjikampsusanj.com\/wp-content\/uploads\/2024\/02\/IMG-20240219-WA0021-150x150.jpg\" class=\"attachment-thumbnail size-thumbnail\" alt=\"\" decoding=\"async\" loading=\"lazy\" \/><\/a>\n\t\t\t<\/dt><\/dl><dl class='gallery-item'>\n\t\t\t<dt class='gallery-icon portrait'>\n\t\t\t\t<a href='https:\/\/letnjikampsusanj.com\/?attachment_id=418'><img width=\"150\" height=\"150\" src=\"https:\/\/letnjikampsusanj.com\/wp-content\/uploads\/2024\/02\/IMG-20240219-WA0013-150x150.jpg\" class=\"attachment-thumbnail size-thumbnail\" alt=\"\" decoding=\"async\" loading=\"lazy\" \/><\/a>\n\t\t\t<\/dt><\/dl><br style=\"clear: both\" \/><dl class='gallery-item'>\n\t\t\t<dt class='gallery-icon portrait'>\n\t\t\t\t<a href='https:\/\/letnjikampsusanj.com\/?attachment_id=417'><img width=\"150\" height=\"150\" src=\"https:\/\/letnjikampsusanj.com\/wp-content\/uploads\/2024\/02\/IMG-20240219-WA0012-150x150.jpg\" class=\"attachment-thumbnail size-thumbnail\" alt=\"\" decoding=\"async\" loading=\"lazy\" \/><\/a>\n\t\t\t<\/dt><\/dl><dl class='gallery-item'>\n\t\t\t<dt class='gallery-icon portrait'>\n\t\t\t\t<a href='https:\/\/letnjikampsusanj.com\/?attachment_id=416'><img width=\"150\" height=\"150\" src=\"https:\/\/letnjikampsusanj.com\/wp-content\/uploads\/2024\/02\/IMG-20240219-WA0011-150x150.jpg\" class=\"attachment-thumbnail size-thumbnail\" alt=\"\" decoding=\"async\" loading=\"lazy\" \/><\/a>\n\t\t\t<\/dt><\/dl><dl class='gallery-item'>\n\t\t\t<dt class='gallery-icon portrait'>\n\t\t\t\t<a href='https:\/\/letnjikampsusanj.com\/?attachment_id=415'><img width=\"150\" height=\"150\" src=\"https:\/\/letnjikampsusanj.com\/wp-content\/uploads\/2024\/02\/IMG-20240219-WA0005-150x150.jpg\" class=\"attachment-thumbnail size-thumbnail\" alt=\"\" decoding=\"async\" loading=\"lazy\" \/><\/a>\n\t\t\t<\/dt><\/dl><br style=\"clear: both\" \/><dl class='gallery-item'>\n\t\t\t<dt class='gallery-icon portrait'>\n\t\t\t\t<a href='https:\/\/letnjikampsusanj.com\/?attachment_id=414'><img width=\"150\" height=\"150\" src=\"https:\/\/letnjikampsusanj.com\/wp-content\/uploads\/2024\/02\/IMG-20240219-WA0004-150x150.jpg\" class=\"attachment-thumbnail size-thumbnail\" alt=\"\" decoding=\"async\" loading=\"lazy\" \/><\/a>\n\t\t\t<\/dt><\/dl><dl class='gallery-item'>\n\t\t\t<dt class='gallery-icon portrait'>\n\t\t\t\t<a href='https:\/\/letnjikampsusanj.com\/?attachment_id=413'><img width=\"150\" height=\"150\" src=\"https:\/\/letnjikampsusanj.com\/wp-content\/uploads\/2024\/02\/IMG-20240219-WA0003-150x150.jpg\" class=\"attachment-thumbnail size-thumbnail\" alt=\"\" decoding=\"async\" loading=\"lazy\" \/><\/a>\n\t\t\t<\/dt><\/dl><dl class='gallery-item'>\n\t\t\t<dt class='gallery-icon portrait'>\n\t\t\t\t<a href='https:\/\/letnjikampsusanj.com\/?attachment_id=412'><img width=\"150\" height=\"150\" src=\"https:\/\/letnjikampsusanj.com\/wp-content\/uploads\/2024\/02\/IMG-20240219-WA0002-150x150.jpg\" class=\"attachment-thumbnail size-thumbnail\" alt=\"\" decoding=\"async\" loading=\"lazy\" \/><\/a>\n\t\t\t<\/dt><\/dl><br style=\"clear: both\" \/>\n\t\t<\/div>\n\n<p>&nbsp;<\/p>\n<p><strong>Sobe\u00a0 I &#8211; kategorije <\/strong><\/p>\n\n\t\t<style type=\"text\/css\">\n\t\t\t#gallery-2 {\n\t\t\t\tmargin: auto;\n\t\t\t}\n\t\t\t#gallery-2 .gallery-item {\n\t\t\t\tfloat: left;\n\t\t\t\tmargin-top: 10px;\n\t\t\t\ttext-align: center;\n\t\t\t\twidth: 33%;\n\t\t\t}\n\t\t\t#gallery-2 img {\n\t\t\t\tborder: 2px solid #cfcfcf;\n\t\t\t}\n\t\t\t#gallery-2 .gallery-caption {\n\t\t\t\tmargin-left: 0;\n\t\t\t}\n\t\t\t\/* see gallery_shortcode() in wp-includes\/media.php *\/\n\t\t<\/style>\n\t\t<div id='gallery-2' class='gallery galleryid-167 gallery-columns-3 gallery-size-thumbnail'><dl class='gallery-item'>\n\t\t\t<dt class='gallery-icon portrait'>\n\t\t\t\t<a href='https:\/\/letnjikampsusanj.com\/?attachment_id=383'><img width=\"150\" height=\"150\" src=\"https:\/\/letnjikampsusanj.com\/wp-content\/uploads\/2024\/02\/IMG-20230701-WA0001-150x150.jpg\" class=\"attachment-thumbnail size-thumbnail\" alt=\"\" decoding=\"async\" loading=\"lazy\" \/><\/a>\n\t\t\t<\/dt><\/dl><dl class='gallery-item'>\n\t\t\t<dt class='gallery-icon portrait'>\n\t\t\t\t<a href='https:\/\/letnjikampsusanj.com\/?attachment_id=384'><img width=\"150\" height=\"150\" src=\"https:\/\/letnjikampsusanj.com\/wp-content\/uploads\/2024\/02\/IMG-20230701-WA0002-150x150.jpg\" class=\"attachment-thumbnail size-thumbnail\" alt=\"\" decoding=\"async\" loading=\"lazy\" \/><\/a>\n\t\t\t<\/dt><\/dl><dl class='gallery-item'>\n\t\t\t<dt class='gallery-icon portrait'>\n\t\t\t\t<a href='https:\/\/letnjikampsusanj.com\/?attachment_id=385'><img width=\"150\" height=\"150\" src=\"https:\/\/letnjikampsusanj.com\/wp-content\/uploads\/2024\/02\/IMG-20230701-WA0004-150x150.jpg\" class=\"attachment-thumbnail size-thumbnail\" alt=\"\" decoding=\"async\" loading=\"lazy\" \/><\/a>\n\t\t\t<\/dt><\/dl><br style=\"clear: both\" \/><dl class='gallery-item'>\n\t\t\t<dt class='gallery-icon portrait'>\n\t\t\t\t<a href='https:\/\/letnjikampsusanj.com\/?attachment_id=386'><img width=\"150\" height=\"150\" src=\"https:\/\/letnjikampsusanj.com\/wp-content\/uploads\/2024\/02\/IMG-20230701-WA0006-150x150.jpg\" class=\"attachment-thumbnail size-thumbnail\" alt=\"\" decoding=\"async\" loading=\"lazy\" \/><\/a>\n\t\t\t<\/dt><\/dl><dl class='gallery-item'>\n\t\t\t<dt class='gallery-icon portrait'>\n\t\t\t\t<a href='https:\/\/letnjikampsusanj.com\/?attachment_id=387'><img width=\"150\" height=\"150\" src=\"https:\/\/letnjikampsusanj.com\/wp-content\/uploads\/2024\/02\/IMG-20230701-WA0009-150x150.jpg\" class=\"attachment-thumbnail size-thumbnail\" alt=\"\" decoding=\"async\" loading=\"lazy\" \/><\/a>\n\t\t\t<\/dt><\/dl><dl class='gallery-item'>\n\t\t\t<dt class='gallery-icon portrait'>\n\t\t\t\t<a href='https:\/\/letnjikampsusanj.com\/?attachment_id=388'><img width=\"150\" height=\"150\" src=\"https:\/\/letnjikampsusanj.com\/wp-content\/uploads\/2024\/02\/IMG-20230701-WA0011-150x150.jpg\" class=\"attachment-thumbnail size-thumbnail\" alt=\"\" decoding=\"async\" loading=\"lazy\" \/><\/a>\n\t\t\t<\/dt><\/dl><br style=\"clear: both\" \/><dl class='gallery-item'>\n\t\t\t<dt class='gallery-icon portrait'>\n\t\t\t\t<a href='https:\/\/letnjikampsusanj.com\/?attachment_id=389'><img width=\"150\" height=\"150\" src=\"https:\/\/letnjikampsusanj.com\/wp-content\/uploads\/2024\/02\/IMG-20230706-WA0005-150x150.jpg\" class=\"attachment-thumbnail size-thumbnail\" alt=\"\" decoding=\"async\" loading=\"lazy\" \/><\/a>\n\t\t\t<\/dt><\/dl><dl class='gallery-item'>\n\t\t\t<dt class='gallery-icon portrait'>\n\t\t\t\t<a href='https:\/\/letnjikampsusanj.com\/?attachment_id=390'><img width=\"150\" height=\"150\" src=\"https:\/\/letnjikampsusanj.com\/wp-content\/uploads\/2024\/02\/IMG-20230706-WA0006-150x150.jpg\" class=\"attachment-thumbnail size-thumbnail\" alt=\"\" decoding=\"async\" loading=\"lazy\" \/><\/a>\n\t\t\t<\/dt><\/dl><dl class='gallery-item'>\n\t\t\t<dt class='gallery-icon portrait'>\n\t\t\t\t<a href='https:\/\/letnjikampsusanj.com\/?attachment_id=391'><img width=\"150\" height=\"150\" src=\"https:\/\/letnjikampsusanj.com\/wp-content\/uploads\/2024\/02\/IMG-20230706-WA0007-150x150.jpg\" class=\"attachment-thumbnail size-thumbnail\" alt=\"\" decoding=\"async\" loading=\"lazy\" \/><\/a>\n\t\t\t<\/dt><\/dl><br style=\"clear: both\" \/>\n\t\t<\/div>\n\n<p><strong>Sobe<\/strong> <strong>\u00a0 I &#8211; kategorije<\/strong><\/p>\n\n\t\t<style type=\"text\/css\">\n\t\t\t#gallery-3 {\n\t\t\t\tmargin: auto;\n\t\t\t}\n\t\t\t#gallery-3 .gallery-item {\n\t\t\t\tfloat: left;\n\t\t\t\tmargin-top: 10px;\n\t\t\t\ttext-align: center;\n\t\t\t\twidth: 33%;\n\t\t\t}\n\t\t\t#gallery-3 img {\n\t\t\t\tborder: 2px solid #cfcfcf;\n\t\t\t}\n\t\t\t#gallery-3 .gallery-caption {\n\t\t\t\tmargin-left: 0;\n\t\t\t}\n\t\t\t\/* see gallery_shortcode() in wp-includes\/media.php *\/\n\t\t<\/style>\n\t\t<div id='gallery-3' class='gallery galleryid-167 gallery-columns-3 gallery-size-thumbnail'><dl class='gallery-item'>\n\t\t\t<dt class='gallery-icon landscape'>\n\t\t\t\t<a href='https:\/\/letnjikampsusanj.com\/?attachment_id=370'><img width=\"150\" height=\"150\" src=\"https:\/\/letnjikampsusanj.com\/wp-content\/uploads\/2023\/04\/pansion-metohija-1-150x150.jpg\" class=\"attachment-thumbnail size-thumbnail\" alt=\"\" decoding=\"async\" loading=\"lazy\" \/><\/a>\n\t\t\t<\/dt><\/dl><dl class='gallery-item'>\n\t\t\t<dt class='gallery-icon landscape'>\n\t\t\t\t<a href='https:\/\/letnjikampsusanj.com\/?attachment_id=369'><img width=\"150\" height=\"150\" src=\"https:\/\/letnjikampsusanj.com\/wp-content\/uploads\/2023\/04\/4-150x150.jpg\" class=\"attachment-thumbnail size-thumbnail\" alt=\"\" decoding=\"async\" loading=\"lazy\" \/><\/a>\n\t\t\t<\/dt><\/dl><dl class='gallery-item'>\n\t\t\t<dt class='gallery-icon landscape'>\n\t\t\t\t<a href='https:\/\/letnjikampsusanj.com\/?attachment_id=368'><img width=\"150\" height=\"150\" src=\"https:\/\/letnjikampsusanj.com\/wp-content\/uploads\/2023\/04\/pansion-metohija-3-150x150.jpg\" class=\"attachment-thumbnail size-thumbnail\" alt=\"\" decoding=\"async\" loading=\"lazy\" \/><\/a>\n\t\t\t<\/dt><\/dl><br style=\"clear: both\" \/><dl class='gallery-item'>\n\t\t\t<dt class='gallery-icon portrait'>\n\t\t\t\t<a href='https:\/\/letnjikampsusanj.com\/?attachment_id=367'><img width=\"150\" height=\"150\" src=\"https:\/\/letnjikampsusanj.com\/wp-content\/uploads\/2023\/04\/pansion-metohija-2-150x150.jpg\" class=\"attachment-thumbnail size-thumbnail\" alt=\"\" decoding=\"async\" loading=\"lazy\" \/><\/a>\n\t\t\t<\/dt><\/dl><dl class='gallery-item'>\n\t\t\t<dt class='gallery-icon portrait'>\n\t\t\t\t<a href='https:\/\/letnjikampsusanj.com\/?attachment_id=366'><img width=\"150\" height=\"150\" src=\"https:\/\/letnjikampsusanj.com\/wp-content\/uploads\/2023\/04\/20170621_094354-e1715007922476-150x150.jpg\" class=\"attachment-thumbnail size-thumbnail\" alt=\"\" decoding=\"async\" loading=\"lazy\" \/><\/a>\n\t\t\t<\/dt><\/dl><dl class='gallery-item'>\n\t\t\t<dt class='gallery-icon landscape'>\n\t\t\t\t<a href='https:\/\/letnjikampsusanj.com\/?attachment_id=365'><img width=\"150\" height=\"150\" src=\"https:\/\/letnjikampsusanj.com\/wp-content\/uploads\/2023\/04\/pansion-metohija-4-150x150.jpg\" class=\"attachment-thumbnail size-thumbnail\" alt=\"\" decoding=\"async\" loading=\"lazy\" \/><\/a>\n\t\t\t<\/dt><\/dl><br style=\"clear: both\" \/><dl class='gallery-item'>\n\t\t\t<dt class='gallery-icon landscape'>\n\t\t\t\t<a href='https:\/\/letnjikampsusanj.com\/?attachment_id=364'><img width=\"150\" height=\"150\" src=\"https:\/\/letnjikampsusanj.com\/wp-content\/uploads\/2023\/04\/pansion-metohija-2-1-150x150.jpg\" class=\"attachment-thumbnail size-thumbnail\" alt=\"\" decoding=\"async\" loading=\"lazy\" \/><\/a>\n\t\t\t<\/dt><\/dl><dl class='gallery-item'>\n\t\t\t<dt class='gallery-icon portrait'>\n\t\t\t\t<a href='https:\/\/letnjikampsusanj.com\/?attachment_id=363'><img width=\"150\" height=\"150\" src=\"https:\/\/letnjikampsusanj.com\/wp-content\/uploads\/2023\/04\/20170621_094453-e1715007959996-150x150.jpg\" class=\"attachment-thumbnail size-thumbnail\" alt=\"\" decoding=\"async\" loading=\"lazy\" \/><\/a>\n\t\t\t<\/dt><\/dl><dl class='gallery-item'>\n\t\t\t<dt class='gallery-icon portrait'>\n\t\t\t\t<a href='https:\/\/letnjikampsusanj.com\/?attachment_id=362'><img width=\"150\" height=\"150\" src=\"https:\/\/letnjikampsusanj.com\/wp-content\/uploads\/2023\/04\/20170621_094733-e1715008003775-150x150.jpg\" class=\"attachment-thumbnail size-thumbnail\" alt=\"\" decoding=\"async\" loading=\"lazy\" \/><\/a>\n\t\t\t<\/dt><\/dl><br style=\"clear: both\" \/><dl class='gallery-item'>\n\t\t\t<dt class='gallery-icon portrait'>\n\t\t\t\t<a href='https:\/\/letnjikampsusanj.com\/?attachment_id=361'><img width=\"150\" height=\"150\" src=\"https:\/\/letnjikampsusanj.com\/wp-content\/uploads\/2023\/04\/20170621_094722-e1715008075109-150x150.jpg\" class=\"attachment-thumbnail size-thumbnail\" alt=\"\" decoding=\"async\" loading=\"lazy\" \/><\/a>\n\t\t\t<\/dt><\/dl><dl class='gallery-item'>\n\t\t\t<dt class='gallery-icon portrait'>\n\t\t\t\t<a href='https:\/\/letnjikampsusanj.com\/?attachment_id=360'><img width=\"150\" height=\"150\" src=\"https:\/\/letnjikampsusanj.com\/wp-content\/uploads\/2023\/04\/20170621_094345-e1715008174440-150x150.jpg\" class=\"attachment-thumbnail size-thumbnail\" alt=\"\" decoding=\"async\" loading=\"lazy\" \/><\/a>\n\t\t\t<\/dt><\/dl><dl class='gallery-item'>\n\t\t\t<dt class='gallery-icon portrait'>\n\t\t\t\t<a href='https:\/\/letnjikampsusanj.com\/?attachment_id=359'><img width=\"150\" height=\"150\" src=\"https:\/\/letnjikampsusanj.com\/wp-content\/uploads\/2023\/04\/20210616_072724-e1715008222866-150x150.jpg\" class=\"attachment-thumbnail size-thumbnail\" alt=\"\" decoding=\"async\" loading=\"lazy\" \/><\/a>\n\t\t\t<\/dt><\/dl><br style=\"clear: both\" \/><dl class='gallery-item'>\n\t\t\t<dt class='gallery-icon portrait'>\n\t\t\t\t<a href='https:\/\/letnjikampsusanj.com\/?attachment_id=358'><img width=\"150\" height=\"150\" src=\"https:\/\/letnjikampsusanj.com\/wp-content\/uploads\/2023\/04\/20210616_072744-e1715008288906-150x150.jpg\" class=\"attachment-thumbnail size-thumbnail\" alt=\"\" decoding=\"async\" loading=\"lazy\" \/><\/a>\n\t\t\t<\/dt><\/dl><dl class='gallery-item'>\n\t\t\t<dt class='gallery-icon portrait'>\n\t\t\t\t<a href='https:\/\/letnjikampsusanj.com\/?attachment_id=357'><img width=\"150\" height=\"150\" src=\"https:\/\/letnjikampsusanj.com\/wp-content\/uploads\/2023\/04\/20210616_072929_2-150x150.jpg\" class=\"attachment-thumbnail size-thumbnail\" alt=\"\" decoding=\"async\" loading=\"lazy\" \/><\/a>\n\t\t\t<\/dt><\/dl><dl class='gallery-item'>\n\t\t\t<dt class='gallery-icon portrait'>\n\t\t\t\t<a href='https:\/\/letnjikampsusanj.com\/?attachment_id=356'><img width=\"150\" height=\"150\" src=\"https:\/\/letnjikampsusanj.com\/wp-content\/uploads\/2023\/04\/20210616_072819-e1715008321736-150x150.jpg\" class=\"attachment-thumbnail size-thumbnail\" alt=\"\" decoding=\"async\" loading=\"lazy\" \/><\/a>\n\t\t\t<\/dt><\/dl><br style=\"clear: both\" \/><dl class='gallery-item'>\n\t\t\t<dt class='gallery-icon portrait'>\n\t\t\t\t<a href='https:\/\/letnjikampsusanj.com\/?attachment_id=355'><img width=\"150\" height=\"150\" src=\"https:\/\/letnjikampsusanj.com\/wp-content\/uploads\/2023\/04\/20210616_072656-e1715008387318-150x150.jpg\" class=\"attachment-thumbnail size-thumbnail\" alt=\"\" decoding=\"async\" loading=\"lazy\" \/><\/a>\n\t\t\t<\/dt><\/dl>\n\t\t\t<br style='clear: both' \/>\n\t\t<\/div>\n\n","protected":false},"excerpt":{"rendered":"<p>Vila METOHIJA &#8211; Kamp Sme\u0161taj STIJOVI\u0106 Sme\u0161taj BRDAR Sme\u0161taj \u0106AMIL \u00a0 &nbsp; Lux Sobe &nbsp; Sobe\u00a0 I &#8211; kategorije Sobe \u00a0 I &#8211; kategorije<\/p>\n","protected":false},"author":1,"featured_media":0,"parent":0,"menu_order":2,"comment_status":"closed","ping_status":"closed","template":"","meta":[],"_links":{"self":[{"href":"https:\/\/letnjikampsusanj.com\/index.php?rest_route=\/wp\/v2\/pages\/167"}],"collection":[{"href":"https:\/\/letnjikampsusanj.com\/index.php?rest_route=\/wp\/v2\/pages"}],"about":[{"href":"https:\/\/letnjikampsusanj.com\/index.php?rest_route=\/wp\/v2\/types\/page"}],"author":[{"embeddable":true,"href":"https:\/\/letnjikampsusanj.com\/index.php?rest_route=\/wp\/v2\/users\/1"}],"replies":[{"embeddable":true,"href":"https:\/\/letnjikampsusanj.com\/index.php?rest_route=%2Fwp%2Fv2%2Fcomments&post=167"}],"version-history":[{"count":17,"href":"https:\/\/letnjikampsusanj.com\/index.php?rest_route=\/wp\/v2\/pages\/167\/revisions"}],"predecessor-version":[{"id":457,"href":"https:\/\/letnjikampsusanj.com\/index.php?rest_route=\/wp\/v2\/pages\/167\/revisions\/457"}],"wp:attachment":[{"href":"https:\/\/letnjikampsusanj.com\/index.php?rest_route=%2Fwp%2Fv2%2Fmedia&parent=167"}],"curies":[{"name":"wp","href":"https:\/\/api.w.org\/{rel}","templated":true}]}}